{"id":18739,"date":"2026-04-07T15:41:30","date_gmt":"2026-04-07T15:41:30","guid":{"rendered":"https:\/\/ticity.com.ar\/?page_id=18739"},"modified":"2026-04-22T18:10:24","modified_gmt":"2026-04-22T18:10:24","slug":"integradores_de_soluciones_asociadas","status":"publish","type":"page","link":"https:\/\/ticity.com.ar\/en\/integradores_de_soluciones_asociadas\/","title":{"rendered":"Integradores de soluciones Asociadas"},"content":{"rendered":"<div data-elementor-type=\"wp-page\" data-elementor-id=\"18739\" class=\"elementor elementor-18739\">\n\t\t\t\t<div class=\"elementor-element elementor-element-d258102 e-flex e-con-boxed e-con e-parent\" data-id=\"d258102\" data-element_type=\"container\" data-e-type=\"container\" id=\"productoBox\">\t\t\t<div class=\"e-con-inner\">\r\n\t\t\t\t<div class=\"elementor-element elementor-element-6eac848 elementor-widget elementor-widget-heading\" data-id=\"6eac848\" data-element_type=\"widget\" data-e-type=\"widget\" data-widget_type=\"heading.default\">\n\t\t\t\t\t<h2 class=\"elementor-heading-title elementor-size-default\">Integradores de Soluciones Asociadas<\/h2>\t\t\t\t<\/div>\n\t\t\t\t\t<\/div>\r\n\t\t\t\t<\/div>\r\n\t\t<div class=\"elementor-element elementor-element-6676c2d e-flex e-con-boxed e-con e-parent\" data-id=\"6676c2d\" data-element_type=\"container\" data-e-type=\"container\">\t\t\t<div class=\"e-con-inner\">\r\n\t\t\t\t<div class=\"elementor-element elementor-element-82d2873 elementor-widget elementor-widget-image\" data-id=\"82d2873\" data-element_type=\"widget\" data-e-type=\"widget\" data-widget_type=\"image.default\">\n\t\t\t\t\t\t\t\t\t\t\t\t\t\t\t<img fetchpriority=\"high\" decoding=\"async\" width=\"1024\" height=\"683\" src=\"https:\/\/ticity.com.ar\/wp-content\/uploads\/2026\/04\/3eros-1024x683.jpeg\" class=\"attachment-large size-large wp-image-18747\" alt=\"\" srcset=\"https:\/\/ticity.com.ar\/wp-content\/uploads\/2026\/04\/3eros-1024x683.jpeg 1024w, https:\/\/ticity.com.ar\/wp-content\/uploads\/2026\/04\/3eros-300x200.jpeg 300w, https:\/\/ticity.com.ar\/wp-content\/uploads\/2026\/04\/3eros-768x512.jpeg 768w, https:\/\/ticity.com.ar\/wp-content\/uploads\/2026\/04\/3eros-18x12.jpeg 18w, https:\/\/ticity.com.ar\/wp-content\/uploads\/2026\/04\/3eros-1065x710.jpeg 1065w, https:\/\/ticity.com.ar\/wp-content\/uploads\/2026\/04\/3eros-600x400.jpeg 600w, https:\/\/ticity.com.ar\/wp-content\/uploads\/2026\/04\/3eros.jpeg 1536w\" sizes=\"(max-width: 768px) 100vw, (max-width: 1200px) 80vw, 1200px\" >\t\t\t\t\t\t\t\t\t\t\t\t\t\t\t<\/div>\n\t\t\t\t<div class=\"elementor-element elementor-element-f6fbfee elementor-widget elementor-widget-text-editor\" data-id=\"f6fbfee\" data-element_type=\"widget\" data-e-type=\"widget\" data-widget_type=\"text-editor.default\">\n\t\t\t\t\t\t\t\t\t<p data-start=\"155\" data-end=\"563\"><strong>En Ticity potenciamos nuestras capacidades a trav\u00e9s de un ecosistema de integradores tecnol\u00f3gicos que ampl\u00edan y complementan nuestras soluciones. Estas herramientas, plenamente integradas, permiten a los municipios acceder a funcionalidades avanzadas en \u00e1reas clave como recaudaci\u00f3n, seguridad, gesti\u00f3n urbana, recursos humanos y transformaci\u00f3n digital.<\/strong><\/p><p data-start=\"565\" data-end=\"854\"><strong>Gracias a esta red de aliados estrat\u00e9gicos, ofrecemos soluciones flexibles, escalables y adaptadas a las necesidades reales de cada municipio, optimizando procesos, mejorando la eficiencia operativa y brindando una experiencia m\u00e1s \u00e1gil tanto para la gesti\u00f3n interna como para el ciudadano.<\/strong><\/p>\t\t\t\t\t\t\t\t<\/div>\n\t\t\t\t<div class=\"elementor-element elementor-element-c1df023 elementor-invisible elementor-widget elementor-widget-pxl_button\" data-id=\"c1df023\" data-element_type=\"widget\" data-e-type=\"widget\" data-settings=\"{&quot;_animation&quot;:&quot;fadeInUp&quot;,&quot;_animation_delay&quot;:600}\" data-widget_type=\"pxl_button.default\">\n\t\t\t\t<div class=\"elementor-widget-container\">\n\t\t\t\t\t\r\n<div id=\"pxl-pxl_button-c1df023-9624\"\r\n     class=\"pxl-button pxl-button--btn-gradient-3colors pxl-button--rotate- pxl-button--rotate- btn__link\"\r\n     data-wow-delay=\"ms\"\r\n     data-onepage-offset=\"\">\r\n                     <a href=\"https:\/\/wa.me\/5491144283570?text=Hola%2C%20me%20contacto%20desde%20la%20web%20de%20Ticity.%20Me%20gustar%C3%ADa%20recibir%20m%C3%A1s%20informaci%C3%B3n%20sobre%20sus%20soluciones%20para%20municipios\"  class=\"btn  btn-glossy btn__icon-active  btn-gradient-3colors btn__icon-right  btn-hv-default\">\r\n                                    <span class=\"btn-text\" data-text=\"Hablar con nosotros\">\r\n                Hablar con nosotros            <\/span>\r\n            <\/a>\r\n<\/div>\t\t\t\t<\/div>\n\t\t\t\t<\/div>\n\t\t\t\t\t<\/div>\r\n\t\t\t\t<\/div>\r\n\t\t<div class=\"elementor-element elementor-element-d2c1071 e-flex e-con-boxed e-con e-parent\" data-id=\"d2c1071\" data-element_type=\"container\" data-e-type=\"container\">\t\t\t<div class=\"e-con-inner\">\r\n\t\t<div class=\"elementor-element elementor-element-24123dd e-grid e-con-full e-con e-child\" data-id=\"24123dd\" data-element_type=\"container\" data-e-type=\"container\">\t\t<div class=\"elementor-element elementor-element-5602af1 elementor-widget elementor-widget-text-editor\" data-id=\"5602af1\" data-element_type=\"widget\" data-e-type=\"widget\" data-widget_type=\"text-editor.default\">\n\t\t\t\t\t\t\t\t\t<p><span style=\"font-weight: 400;\">Socio estrat\u00e9gico que integra soluciones de recaudaci\u00f3n municipal, incluyendo botones de pago en plataformas existentes o del municipio. Ofrece emisi\u00f3n y distribuci\u00f3n de boletas en papel y gesti\u00f3n integral del proceso de tributos municipales.<\/span><\/p>\t\t\t\t\t\t\t\t<\/div>\n\t\t\t\t<div class=\"elementor-element elementor-element-9632f51 elementor-widget elementor-widget-image\" data-id=\"9632f51\" data-element_type=\"widget\" data-e-type=\"widget\" data-widget_type=\"image.default\">\n\t\t\t\t\t\t\t\t\t\t\t\t\t\t\t<img decoding=\"async\" width=\"300\" height=\"100\" src=\"https:\/\/ticity.com.ar\/wp-content\/uploads\/2026\/04\/cropped-logo-int.go_Mesa-de-trabajo-1-300x100-1.png\" class=\"attachment-large size-large wp-image-18749\" alt=\"\" srcset=\"https:\/\/ticity.com.ar\/wp-content\/uploads\/2026\/04\/cropped-logo-int.go_Mesa-de-trabajo-1-300x100-1.png 300w, https:\/\/ticity.com.ar\/wp-content\/uploads\/2026\/04\/cropped-logo-int.go_Mesa-de-trabajo-1-300x100-1-18x6.png 18w\" sizes=\"(max-width: 768px) 100vw, (max-width: 1200px) 80vw, 1200px\" >\t\t\t\t\t\t\t\t\t\t\t\t\t\t\t<\/div>\n\t\t\t\t<\/div>\r\n\t\t<div class=\"elementor-element elementor-element-2eb9005 e-grid e-con-full e-con e-child\" data-id=\"2eb9005\" data-element_type=\"container\" data-e-type=\"container\">\t\t<div class=\"elementor-element elementor-element-5994222 elementor-widget elementor-widget-text-editor\" data-id=\"5994222\" data-element_type=\"widget\" data-e-type=\"widget\" data-widget_type=\"text-editor.default\">\n\t\t\t\t\t\t\t\t\t<p><span style=\"font-weight: 400;\">Aporta su software Plug para la recolecci\u00f3n de datos en v\u00eda p\u00fablica mediante dispositivos m\u00f3viles y computadoras. Centraliza la informaci\u00f3n en un repositorio \u00fanico, optimizando tareas de control, tr\u00e1nsito y operaciones municipales.<\/span><\/p>\t\t\t\t\t\t\t\t<\/div>\n\t\t\t\t<div class=\"elementor-element elementor-element-954ef86 elementor-widget elementor-widget-image\" data-id=\"954ef86\" data-element_type=\"widget\" data-e-type=\"widget\" data-widget_type=\"image.default\">\n\t\t\t\t\t\t\t\t\t\t\t\t\t\t\t<img decoding=\"async\" width=\"140\" height=\"69\" src=\"https:\/\/ticity.com.ar\/wp-content\/uploads\/2026\/04\/670ae2a3a89104f9c36997d1_logo-datastar-dark.webp\" class=\"attachment-2048x2048 size-2048x2048 wp-image-18750\" alt=\"\" srcset=\"https:\/\/ticity.com.ar\/wp-content\/uploads\/2026\/04\/670ae2a3a89104f9c36997d1_logo-datastar-dark.webp 140w, https:\/\/ticity.com.ar\/wp-content\/uploads\/2026\/04\/670ae2a3a89104f9c36997d1_logo-datastar-dark-18x9.webp 18w\" sizes=\"(max-width: 768px) 100vw, (max-width: 1200px) 80vw, 1200px\" >\t\t\t\t\t\t\t\t\t\t\t\t\t\t\t<\/div>\n\t\t\t\t<\/div>\r\n\t\t<div class=\"elementor-element elementor-element-aa3442d e-grid e-con-full e-con e-child\" data-id=\"aa3442d\" data-element_type=\"container\" data-e-type=\"container\">\t\t<div class=\"elementor-element elementor-element-4e5e8e4 elementor-widget elementor-widget-text-editor\" data-id=\"4e5e8e4\" data-element_type=\"widget\" data-e-type=\"widget\" data-widget_type=\"text-editor.default\">\n\t\t\t\t\t\t\t\t\t<p><span style=\"font-weight: 400;\">Brinda soluciones de sensorizaci\u00f3n e integraci\u00f3n para la gesti\u00f3n de residuos. Permite monitorear recorridos de camiones con GPS y medir la eficiencia del servicio en tiempo real.<\/span><\/p>\t\t\t\t\t\t\t\t<\/div>\n\t\t\t\t<div class=\"elementor-element elementor-element-70d157a elementor-widget elementor-widget-image\" data-id=\"70d157a\" data-element_type=\"widget\" data-e-type=\"widget\" data-widget_type=\"image.default\">\n\t\t\t\t\t\t\t\t\t\t\t\t\t\t\t<img decoding=\"async\" width=\"633\" height=\"199\" src=\"https:\/\/ticity.com.ar\/wp-content\/uploads\/2026\/04\/WhatsApp-Image-2026-04-22-at-14.41.55.jpeg\" class=\"attachment-large size-large wp-image-18752\" alt=\"\" srcset=\"https:\/\/ticity.com.ar\/wp-content\/uploads\/2026\/04\/WhatsApp-Image-2026-04-22-at-14.41.55.jpeg 633w, https:\/\/ticity.com.ar\/wp-content\/uploads\/2026\/04\/WhatsApp-Image-2026-04-22-at-14.41.55-300x94.jpeg 300w, https:\/\/ticity.com.ar\/wp-content\/uploads\/2026\/04\/WhatsApp-Image-2026-04-22-at-14.41.55-18x6.jpeg 18w, https:\/\/ticity.com.ar\/wp-content\/uploads\/2026\/04\/WhatsApp-Image-2026-04-22-at-14.41.55-600x189.jpeg 600w\" sizes=\"(max-width: 768px) 100vw, (max-width: 1200px) 80vw, 1200px\" >\t\t\t\t\t\t\t\t\t\t\t\t\t\t\t<\/div>\n\t\t\t\t<\/div>\r\n\t\t<div class=\"elementor-element elementor-element-d723868 e-grid e-con-full e-con e-child\" data-id=\"d723868\" data-element_type=\"container\" data-e-type=\"container\">\t\t<div class=\"elementor-element elementor-element-80ad004 elementor-widget elementor-widget-text-editor\" data-id=\"80ad004\" data-element_type=\"widget\" data-e-type=\"widget\" data-widget_type=\"text-editor.default\">\n\t\t\t\t\t\t\t\t\t<p><span style=\"font-weight: 400;\">Integra su sistema para la gesti\u00f3n de tribunales de faltas y administraci\u00f3n de multas. Centraliza infracciones de distintos \u00e1mbitos y las vincula con la recaudaci\u00f3n diaria del municipio.<\/span><\/p>\t\t\t\t\t\t\t\t<\/div>\n\t\t\t\t<div class=\"elementor-element elementor-element-1ab8a8e elementor-widget elementor-widget-image\" data-id=\"1ab8a8e\" data-element_type=\"widget\" data-e-type=\"widget\" data-widget_type=\"image.default\">\n\t\t\t\t\t\t\t\t\t\t\t\t\t\t\t<img decoding=\"async\" width=\"200\" height=\"43\" src=\"https:\/\/ticity.com.ar\/wp-content\/uploads\/2026\/04\/boldt_entretenimientos.jpg\" class=\"attachment-large size-large wp-image-18753\" alt=\"\" srcset=\"https:\/\/ticity.com.ar\/wp-content\/uploads\/2026\/04\/boldt_entretenimientos.jpg 200w, https:\/\/ticity.com.ar\/wp-content\/uploads\/2026\/04\/boldt_entretenimientos-18x4.jpg 18w\" sizes=\"(max-width: 768px) 100vw, (max-width: 1200px) 80vw, 1200px\" >\t\t\t\t\t\t\t\t\t\t\t\t\t\t\t<\/div>\n\t\t\t\t<\/div>\r\n\t\t<div class=\"elementor-element elementor-element-f182655 e-grid e-con-full e-con e-child\" data-id=\"f182655\" data-element_type=\"container\" data-e-type=\"container\">\t\t<div class=\"elementor-element elementor-element-c3e8000 elementor-widget elementor-widget-text-editor\" data-id=\"c3e8000\" data-element_type=\"widget\" data-e-type=\"widget\" data-widget_type=\"text-editor.default\">\n\t\t\t\t\t\t\t\t\t<p><span style=\"font-weight: 400;\">Provee un software que agrega inteligencia artificial a las c\u00e1maras existentes del municipio. Genera paneles de control para an\u00e1lisis y detecci\u00f3n de eventos seg\u00fan distintas parametrizaciones.<\/span><\/p>\t\t\t\t\t\t\t\t<\/div>\n\t\t\t\t<div class=\"elementor-element elementor-element-d6a357e elementor-widget elementor-widget-image\" data-id=\"d6a357e\" data-element_type=\"widget\" data-e-type=\"widget\" data-widget_type=\"image.default\">\n\t\t\t\t\t\t\t\t\t\t\t\t\t\t\t<img decoding=\"async\" width=\"576\" height=\"150\" src=\"https:\/\/ticity.com.ar\/wp-content\/uploads\/2026\/04\/WhatsApp-Image-2026-04-22-at-14.48.46.jpeg\" class=\"attachment-large size-large wp-image-18754\" alt=\"\" srcset=\"https:\/\/ticity.com.ar\/wp-content\/uploads\/2026\/04\/WhatsApp-Image-2026-04-22-at-14.48.46.jpeg 576w, https:\/\/ticity.com.ar\/wp-content\/uploads\/2026\/04\/WhatsApp-Image-2026-04-22-at-14.48.46-300x78.jpeg 300w, https:\/\/ticity.com.ar\/wp-content\/uploads\/2026\/04\/WhatsApp-Image-2026-04-22-at-14.48.46-18x5.jpeg 18w\" sizes=\"(max-width: 768px) 100vw, (max-width: 1200px) 80vw, 1200px\" >\t\t\t\t\t\t\t\t\t\t\t\t\t\t\t<\/div>\n\t\t\t\t<\/div>\r\n\t\t<div class=\"elementor-element elementor-element-d6cc858 e-grid e-con-full e-con e-child\" data-id=\"d6cc858\" data-element_type=\"container\" data-e-type=\"container\">\t\t<div class=\"elementor-element elementor-element-18dcc05 elementor-widget elementor-widget-text-editor\" data-id=\"18dcc05\" data-element_type=\"widget\" data-e-type=\"widget\" data-widget_type=\"text-editor.default\">\n\t\t\t\t\t\t\t\t\t<p><span style=\"font-weight: 400;\">Plataforma sobre la cual se desarrollan los sistemas de chatbot. Permite automatizar la atenci\u00f3n y mejorar la interacci\u00f3n digital con los ciudadanos.<\/span><\/p>\t\t\t\t\t\t\t\t<\/div>\n\t\t\t\t<div class=\"elementor-element elementor-element-10a6f7a elementor-widget elementor-widget-image\" data-id=\"10a6f7a\" data-element_type=\"widget\" data-e-type=\"widget\" data-widget_type=\"image.default\">\n\t\t\t\t\t\t\t\t\t\t\t\t\t\t\t<img decoding=\"async\" width=\"558\" height=\"152\" src=\"https:\/\/ticity.com.ar\/wp-content\/uploads\/2026\/04\/WhatsApp-Image-2026-04-22-at-14.50.38.jpeg\" class=\"attachment-large size-large wp-image-18755\" alt=\"\" srcset=\"https:\/\/ticity.com.ar\/wp-content\/uploads\/2026\/04\/WhatsApp-Image-2026-04-22-at-14.50.38.jpeg 558w, https:\/\/ticity.com.ar\/wp-content\/uploads\/2026\/04\/WhatsApp-Image-2026-04-22-at-14.50.38-300x82.jpeg 300w, https:\/\/ticity.com.ar\/wp-content\/uploads\/2026\/04\/WhatsApp-Image-2026-04-22-at-14.50.38-18x5.jpeg 18w\" sizes=\"(max-width: 768px) 100vw, (max-width: 1200px) 80vw, 1200px\" >\t\t\t\t\t\t\t\t\t\t\t\t\t\t\t<\/div>\n\t\t\t\t<\/div>\r\n\t\t<div class=\"elementor-element elementor-element-5b87676 e-grid e-con-full e-con e-child\" data-id=\"5b87676\" data-element_type=\"container\" data-e-type=\"container\">\t\t<div class=\"elementor-element elementor-element-358f548 elementor-widget elementor-widget-text-editor\" data-id=\"358f548\" data-element_type=\"widget\" data-e-type=\"widget\" data-widget_type=\"text-editor.default\">\n\t\t\t\t\t\t\t\t\t<p><span style=\"font-weight: 400;\">Ofrece una soluci\u00f3n integral de recursos humanos para la gesti\u00f3n del personal municipal. Facilita la comunicaci\u00f3n, seguimiento y administraci\u00f3n de toda la actividad interna.<\/span><\/p>\t\t\t\t\t\t\t\t<\/div>\n\t\t\t\t<div class=\"elementor-element elementor-element-072b836 elementor-widget elementor-widget-image\" data-id=\"072b836\" data-element_type=\"widget\" data-e-type=\"widget\" data-widget_type=\"image.default\">\n\t\t\t\t\t\t\t\t\t\t\t\t\t\t\t<img decoding=\"async\" width=\"309\" height=\"123\" src=\"https:\/\/ticity.com.ar\/wp-content\/uploads\/2026\/04\/WhatsApp-Image-2026-04-22-at-14.53.55.jpeg\" class=\"attachment-large size-large wp-image-18756\" alt=\"\" srcset=\"https:\/\/ticity.com.ar\/wp-content\/uploads\/2026\/04\/WhatsApp-Image-2026-04-22-at-14.53.55.jpeg 309w, https:\/\/ticity.com.ar\/wp-content\/uploads\/2026\/04\/WhatsApp-Image-2026-04-22-at-14.53.55-300x119.jpeg 300w, https:\/\/ticity.com.ar\/wp-content\/uploads\/2026\/04\/WhatsApp-Image-2026-04-22-at-14.53.55-18x7.jpeg 18w\" sizes=\"(max-width: 768px) 100vw, (max-width: 1200px) 80vw, 1200px\" >\t\t\t\t\t\t\t\t\t\t\t\t\t\t\t<\/div>\n\t\t\t\t<\/div>\r\n\t\t<div class=\"elementor-element elementor-element-994bd39 e-grid e-con-full e-con e-child\" data-id=\"994bd39\" data-element_type=\"container\" data-e-type=\"container\">\t\t<div class=\"elementor-element elementor-element-146ae67 elementor-widget elementor-widget-text-editor\" data-id=\"146ae67\" data-element_type=\"widget\" data-e-type=\"widget\" data-widget_type=\"text-editor.default\">\n\t\t\t\t\t\t\t\t\t<p><span style=\"font-weight: 400;\">Especializada en identidad digital basada en blockchain. Permite validar ciudadanos y billeteras virtuales, integrando de forma segura todos los sistemas municipales.<\/span><\/p>\t\t\t\t\t\t\t\t<\/div>\n\t\t\t\t<div class=\"elementor-element elementor-element-25d6ed0 elementor-widget elementor-widget-image\" data-id=\"25d6ed0\" data-element_type=\"widget\" data-e-type=\"widget\" data-widget_type=\"image.default\">\n\t\t\t\t\t\t\t\t\t\t\t\t\t\t\t<img decoding=\"async\" width=\"325\" height=\"135\" src=\"https:\/\/ticity.com.ar\/wp-content\/uploads\/2026\/04\/WhatsApp-Image-2026-04-22-at-15.00.09.jpeg\" class=\"attachment-large size-large wp-image-18757\" alt=\"\" srcset=\"https:\/\/ticity.com.ar\/wp-content\/uploads\/2026\/04\/WhatsApp-Image-2026-04-22-at-15.00.09.jpeg 325w, https:\/\/ticity.com.ar\/wp-content\/uploads\/2026\/04\/WhatsApp-Image-2026-04-22-at-15.00.09-300x125.jpeg 300w, https:\/\/ticity.com.ar\/wp-content\/uploads\/2026\/04\/WhatsApp-Image-2026-04-22-at-15.00.09-18x7.jpeg 18w\" sizes=\"(max-width: 768px) 100vw, (max-width: 1200px) 80vw, 1200px\" >\t\t\t\t\t\t\t\t\t\t\t\t\t\t\t<\/div>\n\t\t\t\t<\/div>\r\n\t\t<div class=\"elementor-element elementor-element-52d9bad e-grid e-con-full e-con e-child\" data-id=\"52d9bad\" data-element_type=\"container\" data-e-type=\"container\">\t\t<div class=\"elementor-element elementor-element-54a3779 elementor-widget elementor-widget-text-editor\" data-id=\"54a3779\" data-element_type=\"widget\" data-e-type=\"widget\" data-widget_type=\"text-editor.default\">\n\t\t\t\t\t\t\t\t\t<p><span style=\"font-weight: 400;\">Protocolo de integraci\u00f3n de sistemas utilizado a nivel internacional. Permite conectar de forma segura y estandarizada todos los sistemas internos y externos del municipio, impulsando la transformaci\u00f3n digital.<\/span><\/p>\t\t\t\t\t\t\t\t<\/div>\n\t\t\t\t<div class=\"elementor-element elementor-element-dc70855 elementor-widget elementor-widget-image\" data-id=\"dc70855\" data-element_type=\"widget\" data-e-type=\"widget\" data-widget_type=\"image.default\">\n\t\t\t\t\t\t\t\t\t\t\t\t\t\t\t<img decoding=\"async\" width=\"473\" height=\"236\" src=\"https:\/\/ticity.com.ar\/wp-content\/uploads\/2026\/04\/WhatsApp-Image-2026-04-22-at-15.06.03-1.jpeg\" class=\"attachment-large size-large wp-image-18758\" alt=\"\" srcset=\"https:\/\/ticity.com.ar\/wp-content\/uploads\/2026\/04\/WhatsApp-Image-2026-04-22-at-15.06.03-1.jpeg 473w, https:\/\/ticity.com.ar\/wp-content\/uploads\/2026\/04\/WhatsApp-Image-2026-04-22-at-15.06.03-1-300x150.jpeg 300w, https:\/\/ticity.com.ar\/wp-content\/uploads\/2026\/04\/WhatsApp-Image-2026-04-22-at-15.06.03-1-18x9.jpeg 18w\" sizes=\"(max-width: 768px) 100vw, (max-width: 1200px) 80vw, 1200px\" >\t\t\t\t\t\t\t\t\t\t\t\t\t\t\t<\/div>\n\t\t\t\t<\/div>\r\n\t\t\t\t\t<\/div>\r\n\t\t\t\t<\/div>\r\n\t\t\t\t<\/div>","protected":false},"excerpt":{"rendered":"<p>Integradores de Soluciones Asociadas En Ticity potenciamos nuestras capacidades a trav\u00e9s de un ecosistema de integradores tecnol\u00f3gicos que ampl\u00edan y complementan nuestras soluciones. Estas herramientas, plenamente integradas, permiten a los municipios acceder a funcionalidades avanzadas en \u00e1reas clave como recaudaci\u00f3n, seguridad, gesti\u00f3n urbana, recursos humanos y transformaci\u00f3n digital. Gracias a esta red de aliados estrat\u00e9gicos, [&hellip;]<\/p>\n","protected":false},"author":3,"featured_media":0,"parent":0,"menu_order":0,"comment_status":"closed","ping_status":"closed","template":"","meta":{"footnotes":""},"class_list":["post-18739","page","type-page","status-publish","hentry"],"_links":{"self":[{"href":"https:\/\/ticity.com.ar\/en\/wp-json\/wp\/v2\/pages\/18739","targetHints":{"allow":["GET"]}}],"collection":[{"href":"https:\/\/ticity.com.ar\/en\/wp-json\/wp\/v2\/pages"}],"about":[{"href":"https:\/\/ticity.com.ar\/en\/wp-json\/wp\/v2\/types\/page"}],"author":[{"embeddable":true,"href":"https:\/\/ticity.com.ar\/en\/wp-json\/wp\/v2\/users\/3"}],"replies":[{"embeddable":true,"href":"https:\/\/ticity.com.ar\/en\/wp-json\/wp\/v2\/comments?post=18739"}],"version-history":[{"count":8,"href":"https:\/\/ticity.com.ar\/en\/wp-json\/wp\/v2\/pages\/18739\/revisions"}],"predecessor-version":[{"id":18762,"href":"https:\/\/ticity.com.ar\/en\/wp-json\/wp\/v2\/pages\/18739\/revisions\/18762"}],"wp:attachment":[{"href":"https:\/\/ticity.com.ar\/en\/wp-json\/wp\/v2\/media?parent=18739"}],"curies":[{"name":"wp","href":"https:\/\/api.w.org\/{rel}","templated":true}]}}