{"id":18505,"date":"2026-03-21T18:56:06","date_gmt":"2026-03-21T18:56:06","guid":{"rendered":"https:\/\/ticity.com.ar\/?page_id=18505"},"modified":"2026-03-23T15:55:07","modified_gmt":"2026-03-23T15:55:07","slug":"tablero-de-gestion","status":"publish","type":"page","link":"https:\/\/ticity.com.ar\/en\/tablero-de-gestion\/","title":{"rendered":"Tablero de Gesti\u00f3n"},"content":{"rendered":"<div data-elementor-type=\"wp-page\" data-elementor-id=\"18505\" class=\"elementor elementor-18505\">\n\t\t\t\t<div class=\"elementor-element elementor-element-d258102 e-flex e-con-boxed e-con e-parent\" data-id=\"d258102\" data-element_type=\"container\" data-e-type=\"container\" id=\"productoBox\">\t\t\t<div class=\"e-con-inner\">\r\n\t\t\t\t<div class=\"elementor-element elementor-element-6eac848 elementor-widget elementor-widget-heading\" data-id=\"6eac848\" data-element_type=\"widget\" data-e-type=\"widget\" data-widget_type=\"heading.default\">\n\t\t\t\t\t<h2 class=\"elementor-heading-title elementor-size-default\">Visualiz\u00e1 tu gesti\u00f3n en tiempo real<\/h2>\t\t\t\t<\/div>\n\t\t\t\t\t<\/div>\r\n\t\t\t\t<\/div>\r\n\t\t<div class=\"elementor-element elementor-element-6676c2d e-flex e-con-boxed e-con e-parent\" data-id=\"6676c2d\" data-element_type=\"container\" data-e-type=\"container\">\t\t\t<div class=\"e-con-inner\">\r\n\t\t\t\t<div class=\"elementor-element elementor-element-49ec305 elementor-widget elementor-widget-video\" data-id=\"49ec305\" data-element_type=\"widget\" data-e-type=\"widget\" data-settings=\"{&quot;video_type&quot;:&quot;hosted&quot;,&quot;autoplay&quot;:&quot;yes&quot;,&quot;play_on_mobile&quot;:&quot;yes&quot;,&quot;mute&quot;:&quot;yes&quot;,&quot;loop&quot;:&quot;yes&quot;}\" data-widget_type=\"video.default\">\n\t\t\t\t\t\t\t<div class=\"e-hosted-video elementor-wrapper elementor-open-inline\">\n\t\t\t\t\t<video class=\"elementor-video\" src=\"https:\/\/ticity.com.ar\/wp-content\/uploads\/2026\/03\/Diseno-sin-titulo.mp4\" autoplay=\"\" loop=\"\" muted=\"muted\" playsinline=\"\" controlslist=\"nodownload\"><\/video>\n\t\t\t\t<\/div>\n\t\t\t\t\t\t<\/div>\n\t\t\t\t<div class=\"elementor-element elementor-element-f6fbfee elementor-widget elementor-widget-text-editor\" data-id=\"f6fbfee\" data-element_type=\"widget\" data-e-type=\"widget\" data-widget_type=\"text-editor.default\">\n\t\t\t\t\t\t\t\t\t<h4 data-start=\"553\" data-end=\"928\">Nuestro tablero de gesti\u00f3n es una herramienta anal\u00edtica desarrollada en Power BI que permite centralizar, visualizar y<br \/>analizar informaci\u00f3n clave de la gesti\u00f3n municipal de manera clara y din\u00e1mica. A trav\u00e9s de indicadores principales, filtros temporales y visualizaciones por origen, jurisdicci\u00f3n y concepto, facilitando el seguimiento de la gesti\u00f3n.<\/h4><h4 data-start=\"553\" data-end=\"928\"><br \/>Este tipo de tablero transforma los datos en informaci\u00f3n accionable, fortaleciendo la toma de decisiones, mejorando el control de la gesti\u00f3n y promoviendo una administraci\u00f3n p\u00fablica m\u00e1s eficiente, transparente y orientada a resultados.<\/h4>\t\t\t\t\t\t\t\t<\/div>\n\t\t\t\t<div class=\"elementor-element elementor-element-c1df023 elementor-invisible elementor-widget elementor-widget-pxl_button\" data-id=\"c1df023\" data-element_type=\"widget\" data-e-type=\"widget\" data-settings=\"{&quot;_animation&quot;:&quot;fadeInUp&quot;,&quot;_animation_delay&quot;:600}\" data-widget_type=\"pxl_button.default\">\n\t\t\t\t<div class=\"elementor-widget-container\">\n\t\t\t\t\t\r\n<div id=\"pxl-pxl_button-c1df023-6845\"\r\n     class=\"pxl-button pxl-button--btn-gradient-3colors pxl-button--rotate- pxl-button--rotate- btn__link\"\r\n     data-wow-delay=\"ms\"\r\n     data-onepage-offset=\"\">\r\n                     <a href=\"https:\/\/wa.me\/5491144283570?text=Hola%2C%20me%20contacto%20desde%20la%20web%20de%20Ticity.%20Me%20gustar%C3%ADa%20recibir%20m%C3%A1s%20informaci%C3%B3n%20sobre%20sus%20soluciones%20para%20municipios\"  class=\"btn  btn-glossy btn__icon-active  btn-gradient-3colors btn__icon-right  btn-hv-default\">\r\n                                    <span class=\"btn-text\" data-text=\"Hablar con nosotros\">\r\n                Hablar con nosotros            <\/span>\r\n            <\/a>\r\n<\/div>\t\t\t\t<\/div>\n\t\t\t\t<\/div>\n\t\t\t\t\t<\/div>\r\n\t\t\t\t<\/div>\r\n\t\t\t\t<\/div>","protected":false},"excerpt":{"rendered":"<p>Visualiz\u00e1 tu gesti\u00f3n en tiempo real https:\/\/ticity.com.ar\/wp-content\/uploads\/2026\/03\/Diseno-sin-titulo.mp4 Nuestro tablero de gesti\u00f3n es una herramienta anal\u00edtica desarrollada en Power BI que permite centralizar, visualizar yanalizar informaci\u00f3n clave de la gesti\u00f3n municipal de manera clara y din\u00e1mica. A trav\u00e9s de indicadores principales, filtros temporales y visualizaciones por origen, jurisdicci\u00f3n y concepto, facilitando el seguimiento de la gesti\u00f3n. [&hellip;]<\/p>\n","protected":false},"author":3,"featured_media":0,"parent":0,"menu_order":0,"comment_status":"closed","ping_status":"closed","template":"","meta":{"footnotes":""},"class_list":["post-18505","page","type-page","status-publish","hentry"],"_links":{"self":[{"href":"https:\/\/ticity.com.ar\/en\/wp-json\/wp\/v2\/pages\/18505","targetHints":{"allow":["GET"]}}],"collection":[{"href":"https:\/\/ticity.com.ar\/en\/wp-json\/wp\/v2\/pages"}],"about":[{"href":"https:\/\/ticity.com.ar\/en\/wp-json\/wp\/v2\/types\/page"}],"author":[{"embeddable":true,"href":"https:\/\/ticity.com.ar\/en\/wp-json\/wp\/v2\/users\/3"}],"replies":[{"embeddable":true,"href":"https:\/\/ticity.com.ar\/en\/wp-json\/wp\/v2\/comments?post=18505"}],"version-history":[{"count":19,"href":"https:\/\/ticity.com.ar\/en\/wp-json\/wp\/v2\/pages\/18505\/revisions"}],"predecessor-version":[{"id":18637,"href":"https:\/\/ticity.com.ar\/en\/wp-json\/wp\/v2\/pages\/18505\/revisions\/18637"}],"wp:attachment":[{"href":"https:\/\/ticity.com.ar\/en\/wp-json\/wp\/v2\/media?parent=18505"}],"curies":[{"name":"wp","href":"https:\/\/api.w.org\/{rel}","templated":true}]}}