{"id":18453,"date":"2026-03-21T18:22:50","date_gmt":"2026-03-21T18:22:50","guid":{"rendered":"https:\/\/ticity.com.ar\/?page_id=18453"},"modified":"2026-03-21T18:54:42","modified_gmt":"2026-03-21T18:54:42","slug":"portal-de-tramites-digitales","status":"publish","type":"page","link":"https:\/\/ticity.com.ar\/en\/portal-de-tramites-digitales\/","title":{"rendered":"Portal de Tr\u00e1mites Digitales"},"content":{"rendered":"<div data-elementor-type=\"wp-page\" data-elementor-id=\"18453\" class=\"elementor elementor-18453\">\n\t\t\t\t<div class=\"elementor-element elementor-element-d258102 e-flex e-con-boxed e-con e-parent\" data-id=\"d258102\" data-element_type=\"container\" data-e-type=\"container\" id=\"productoBox\">\t\t\t<div class=\"e-con-inner\">\r\n\t\t\t\t<div class=\"elementor-element elementor-element-6eac848 elementor-widget elementor-widget-heading\" data-id=\"6eac848\" data-element_type=\"widget\" data-e-type=\"widget\" data-widget_type=\"heading.default\">\n\t\t\t\t\t<h2 class=\"elementor-heading-title elementor-size-default\">Digitaliz\u00e1 los tr\u00e1mites y simplific\u00e1 la gesti\u00f3n ciudadana<\/h2>\t\t\t\t<\/div>\n\t\t\t\t\t<\/div>\r\n\t\t\t\t<\/div>\r\n\t\t<div class=\"elementor-element elementor-element-6676c2d e-flex e-con-boxed e-con e-parent\" data-id=\"6676c2d\" data-element_type=\"container\" data-e-type=\"container\">\t\t\t<div class=\"e-con-inner\">\r\n\t\t\t\t<div class=\"elementor-element elementor-element-d0b1720 elementor-widget elementor-widget-image\" data-id=\"d0b1720\" data-element_type=\"widget\" data-e-type=\"widget\" data-widget_type=\"image.default\">\n\t\t\t\t\t\t\t\t\t\t\t\t\t\t\t<img fetchpriority=\"high\" decoding=\"async\" width=\"1024\" height=\"683\" src=\"https:\/\/ticity.com.ar\/wp-content\/uploads\/2026\/03\/ChatGPT-Image-13-mar-2026-20_32_05-1024x683.png\" class=\"attachment-large size-large wp-image-18212\" alt=\"\" srcset=\"https:\/\/ticity.com.ar\/wp-content\/uploads\/2026\/03\/ChatGPT-Image-13-mar-2026-20_32_05-1024x683.png 1024w, https:\/\/ticity.com.ar\/wp-content\/uploads\/2026\/03\/ChatGPT-Image-13-mar-2026-20_32_05-300x200.png 300w, https:\/\/ticity.com.ar\/wp-content\/uploads\/2026\/03\/ChatGPT-Image-13-mar-2026-20_32_05-768x512.png 768w, https:\/\/ticity.com.ar\/wp-content\/uploads\/2026\/03\/ChatGPT-Image-13-mar-2026-20_32_05-1065x710.png 1065w, https:\/\/ticity.com.ar\/wp-content\/uploads\/2026\/03\/ChatGPT-Image-13-mar-2026-20_32_05-600x400.png 600w, https:\/\/ticity.com.ar\/wp-content\/uploads\/2026\/03\/ChatGPT-Image-13-mar-2026-20_32_05.png 1536w\" sizes=\"(max-width: 768px) 100vw, (max-width: 1200px) 80vw, 1200px\" >\t\t\t\t\t\t\t\t\t\t\t\t\t\t\t<\/div>\n\t\t\t\t<div class=\"elementor-element elementor-element-f6fbfee elementor-widget elementor-widget-text-editor\" data-id=\"f6fbfee\" data-element_type=\"widget\" data-e-type=\"widget\" data-widget_type=\"text-editor.default\">\n\t\t\t\t\t\t\t\t\t<h4 data-start=\"553\" data-end=\"928\">El Portal de Tr\u00e1mites Digitales es una plataforma interna que centraliza y digitaliza los procesos administrativos de los municipios, permitiendo al personal gestionar tr\u00e1mites, expedientes, comunicaciones y firmas de manera online, segura y eficiente.<\/h4><h4 data-start=\"553\" data-end=\"928\">La soluci\u00f3n integra una landing institucional, un sistema de expedientes y notas digitales(A) acceso a la web oficial, mail oficial integrado y firma digital RAFAM(B)<\/h4><h4 data-start=\"553\" data-end=\"928\">Desde un \u00fanico entorno, los agentes pueden crear, consultar y dar seguimiento a expedientes, emitir notas, acceder a la web institucional, utilizar el mail oficial y firmar documentos digitalmente.<\/h4><h4 data-start=\"553\" data-end=\"928\">Beneficios: reduce tiempos y costos, disminuye el uso de papel, mejora la transparencia, optimiza los procesos internos y fortalece la gesti\u00f3n administrativa.<\/h4>\t\t\t\t\t\t\t\t<\/div>\n\t\t\t\t<div class=\"elementor-element elementor-element-ce865c2 elementor-widget elementor-widget-n-accordion\" data-id=\"ce865c2\" data-element_type=\"widget\" data-e-type=\"widget\" data-settings=\"{&quot;default_state&quot;:&quot;all_collapsed&quot;,&quot;max_items_expended&quot;:&quot;one&quot;,&quot;n_accordion_animation_duration&quot;:{&quot;unit&quot;:&quot;ms&quot;,&quot;size&quot;:400,&quot;sizes&quot;:[]}}\" data-widget_type=\"nested-accordion.default\">\n\t\t\t\t\t\t\t<div class=\"e-n-accordion\" aria-label=\"Accordion. Open links with Enter or Space, close with Escape, and navigate with Arrow Keys\">\n\t\t\t\t\t\t<details id=\"e-n-accordion-item-2160\" class=\"e-n-accordion-item\" >\n\t\t\t\t<summary class=\"e-n-accordion-item-title\" data-accordion-index=\"1\" tabindex=\"0\" aria-expanded=\"false\" aria-controls=\"e-n-accordion-item-2160\" >\n\t\t\t\t\t<span class='e-n-accordion-item-title-header'><h4 class=\"e-n-accordion-item-title-text\"> A. Sistema de expedientes y notas\u00a0digitales <\/h4><\/span>\n\t\t\t\t\t\t\t<span class='e-n-accordion-item-title-icon'>\n\t\t\t<span class='e-opened' ><i aria-hidden=\"true\" class=\"fas fa-minus\"><\/i><\/span>\n\t\t\t<span class='e-closed'><i aria-hidden=\"true\" class=\"fas fa-plus\"><\/i><\/span>\n\t\t<\/span>\n\n\t\t\t\t\t\t<\/summary>\n\t\t\t\t<div role=\"region\" aria-labelledby=\"e-n-accordion-item-2160\" class=\"elementor-element elementor-element-62da36f e-con-full e-flex e-con e-child\" data-id=\"62da36f\" data-element_type=\"container\" data-e-type=\"container\"><div role=\"region\" aria-labelledby=\"e-n-accordion-item-2160\" class=\"elementor-element elementor-element-4191499 e-flex e-con-boxed e-con e-child\" data-id=\"4191499\" data-element_type=\"container\" data-e-type=\"container\">\t\t\t<div class=\"e-con-inner\">\r\n\t\t\t\t<div class=\"elementor-element elementor-element-002d0d9 elementor-widget elementor-widget-text-editor\" data-id=\"002d0d9\" data-element_type=\"widget\" data-e-type=\"widget\" data-widget_type=\"text-editor.default\">\n\t\t\t\t\t\t\t\t\t<h6>El Sistema de Expedientes Digitales es una plataforma que permite gestionar, organizar y dar seguimiento a tr\u00e1mites y documentos de<br \/>manera 100% electr\u00f3nica, eliminando el uso del papel y optimizando los procesos administrativos.<br \/>Se integra con los sistemas municipales y permite administrar los expedientes desde su creaci\u00f3n hasta su finalizaci\u00f3n, con trazabilidad<br \/>completa.<\/h6><h6>\u00bfC\u00f3mo funciona?<br \/>Cada tr\u00e1mite se genera como un expediente digital con numeraci\u00f3n autom\u00e1tica.<br \/>El sistema define flujos de trabajo configurables, estableciendo qu\u00e9 \u00e1reas intervienen y en qu\u00e9 orden.<br \/>Flujo de gesti\u00f3n<\/h6><h6>Los usuarios acceden a un portal interno donde pueden ver:<br \/>&#8211; Expedientes pendientes.<br \/>&#8211; Expedientes en curso.<br \/>&#8211; Expedientes finalizados.<br \/>Cada movimiento queda registrado autom\u00e1ticamente, permitiendo seguimiento en tiempo real y control de plazos.<\/h6><h6><strong>Resultado<\/strong><br \/>El expediente queda completamente digital, con documentos, actuaciones y firmas electr\u00f3nicas asociadas.<br \/>No es necesario imprimir documentaci\u00f3n, aunque puede generarse una versi\u00f3n imprimible con respaldo en el sistema.<\/h6><h6><strong>Beneficios<\/strong><br \/>Reduce tiempos administrativos, elimina el papel, mejora la eficiencia, aumenta la transparencia y permite el trabajo colaborativo.<\/h6>\t\t\t\t\t\t\t\t<\/div>\n\t\t\t\t\t<\/div>\r\n\t\t\t\t<\/div>\r\n\t\t\t\t<\/div>\r\n\t\t\t\t\t<\/details>\n\t\t\t\t\t\t<details id=\"e-n-accordion-item-2161\" class=\"e-n-accordion-item\" >\n\t\t\t\t<summary class=\"e-n-accordion-item-title\" data-accordion-index=\"2\" tabindex=\"-1\" aria-expanded=\"false\" aria-controls=\"e-n-accordion-item-2161\" >\n\t\t\t\t\t<span class='e-n-accordion-item-title-header'><h4 class=\"e-n-accordion-item-title-text\"> B. Firma digital RAFAM <\/h4><\/span>\n\t\t\t\t\t\t\t<span class='e-n-accordion-item-title-icon'>\n\t\t\t<span class='e-opened' ><i aria-hidden=\"true\" class=\"fas fa-minus\"><\/i><\/span>\n\t\t\t<span class='e-closed'><i aria-hidden=\"true\" class=\"fas fa-plus\"><\/i><\/span>\n\t\t<\/span>\n\n\t\t\t\t\t\t<\/summary>\n\t\t\t\t<div role=\"region\" aria-labelledby=\"e-n-accordion-item-2161\" class=\"elementor-element elementor-element-1ac290e e-con-full e-flex e-con e-child\" data-id=\"1ac290e\" data-element_type=\"container\" data-e-type=\"container\"><div role=\"region\" aria-labelledby=\"e-n-accordion-item-2161\" class=\"elementor-element elementor-element-a2dad09 e-flex e-con-boxed e-con e-child\" data-id=\"a2dad09\" data-element_type=\"container\" data-e-type=\"container\">\t\t\t<div class=\"e-con-inner\">\r\n\t\t\t\t<div class=\"elementor-element elementor-element-624a8f7 elementor-widget elementor-widget-text-editor\" data-id=\"624a8f7\" data-element_type=\"widget\" data-e-type=\"widget\" data-widget_type=\"text-editor.default\">\n\t\t\t\t\t\t\t\t\t<h6>La Firma Digital es una herramienta que permite firmar electr\u00f3nicamente los documentos de los tr\u00e1mites municipales, garantizando su<br \/>validez legal, integridad y seguridad, sin necesidad de imprimir papeles.<\/h6><h6>Se integra de manera directa con el Sistema de Expedientes de Tr\u00e1mites Digitales del municipio y con RAFAM, ya sea a trav\u00e9s de una API con<br \/>sistemas propios municipales o utilizando el sistema de expedientes provisto por la plataforma.<\/h6><h6>\u00bfC\u00f3mo funciona?<br \/>Cada tr\u00e1mite cuenta con una cadena de firmas configurable, donde se define qu\u00e9 funcionarios deben intervenir y en qu\u00e9 orden, seg\u00fan el<br \/>tipo de procedimiento.<\/h6><h6>Flujo de firma<br \/>Los usuarios acceden a un portal interno (similar a un mail), donde pueden ver:<br \/>-Tr\u00e1mites pendientes de firma.<br \/>-Tr\u00e1mites firmados.<br \/>-Tr\u00e1mites en curso.<br \/>Al firmar, el documento avanza autom\u00e1ticamente al siguiente responsable de la cadena.<\/h6><h6><strong>Resultado<\/strong><br \/>El tr\u00e1mite queda completamente digital, con todas las firmas registradas y asociadas al expediente y a RAFAM.<br \/>No es necesario imprimir documentaci\u00f3n, aunque, si se desea, puede generarse una versi\u00f3n impresa con respaldo en el sistema.<\/h6><h6>Beneficios: reduce el uso de papel, agiliza los tr\u00e1mites, mejora el control y la trazabilidad de los procesos, aumenta la seguridad de los<br \/>documentos y se integra directamente con el sistema de expedientes digitales y con RAFAM.<\/h6>\t\t\t\t\t\t\t\t<\/div>\n\t\t\t\t\t<\/div>\r\n\t\t\t\t<\/div>\r\n\t\t\t\t<\/div>\r\n\t\t\t\t\t<\/details>\n\t\t\t\t\t<\/div>\n\t\t\t\t\t\t<\/div>\n\t\t\t\t<div class=\"elementor-element elementor-element-c1df023 elementor-invisible elementor-widget elementor-widget-pxl_button\" data-id=\"c1df023\" data-element_type=\"widget\" data-e-type=\"widget\" data-settings=\"{&quot;_animation&quot;:&quot;fadeInUp&quot;,&quot;_animation_delay&quot;:600}\" data-widget_type=\"pxl_button.default\">\n\t\t\t\t<div class=\"elementor-widget-container\">\n\t\t\t\t\t\r\n<div id=\"pxl-pxl_button-c1df023-9836\"\r\n     class=\"pxl-button pxl-button--btn-gradient-3colors pxl-button--rotate- pxl-button--rotate- btn__link\"\r\n     data-wow-delay=\"ms\"\r\n     data-onepage-offset=\"\">\r\n                     <a href=\"https:\/\/wa.me\/5491144283570?text=Hola%2C%20me%20contacto%20desde%20la%20web%20de%20Ticity.%20Me%20gustar%C3%ADa%20recibir%20m%C3%A1s%20informaci%C3%B3n%20sobre%20sus%20soluciones%20para%20municipios\"  class=\"btn  btn-glossy btn__icon-active  btn-gradient-3colors btn__icon-right  btn-hv-default\">\r\n                                    <span class=\"btn-text\" data-text=\"Hablar con nosotros\">\r\n                Hablar con nosotros            <\/span>\r\n            <\/a>\r\n<\/div>\t\t\t\t<\/div>\n\t\t\t\t<\/div>\n\t\t\t\t\t<\/div>\r\n\t\t\t\t<\/div>\r\n\t\t\t\t<\/div>","protected":false},"excerpt":{"rendered":"<p>Digitaliz\u00e1 los tr\u00e1mites y simplific\u00e1 la gesti\u00f3n ciudadana El Portal de Tr\u00e1mites Digitales es una plataforma interna que centraliza y digitaliza los procesos administrativos de los municipios, permitiendo al personal gestionar tr\u00e1mites, expedientes, comunicaciones y firmas de manera online, segura y eficiente. La soluci\u00f3n integra una landing institucional, un sistema de expedientes y notas digitales(A) [&hellip;]<\/p>\n","protected":false},"author":3,"featured_media":0,"parent":0,"menu_order":0,"comment_status":"closed","ping_status":"closed","template":"","meta":{"footnotes":""},"class_list":["post-18453","page","type-page","status-publish","hentry"],"_links":{"self":[{"href":"https:\/\/ticity.com.ar\/en\/wp-json\/wp\/v2\/pages\/18453","targetHints":{"allow":["GET"]}}],"collection":[{"href":"https:\/\/ticity.com.ar\/en\/wp-json\/wp\/v2\/pages"}],"about":[{"href":"https:\/\/ticity.com.ar\/en\/wp-json\/wp\/v2\/types\/page"}],"author":[{"embeddable":true,"href":"https:\/\/ticity.com.ar\/en\/wp-json\/wp\/v2\/users\/3"}],"replies":[{"embeddable":true,"href":"https:\/\/ticity.com.ar\/en\/wp-json\/wp\/v2\/comments?post=18453"}],"version-history":[{"count":41,"href":"https:\/\/ticity.com.ar\/en\/wp-json\/wp\/v2\/pages\/18453\/revisions"}],"predecessor-version":[{"id":18504,"href":"https:\/\/ticity.com.ar\/en\/wp-json\/wp\/v2\/pages\/18453\/revisions\/18504"}],"wp:attachment":[{"href":"https:\/\/ticity.com.ar\/en\/wp-json\/wp\/v2\/media?parent=18453"}],"curies":[{"name":"wp","href":"https:\/\/api.w.org\/{rel}","templated":true}]}}