{"id":18445,"date":"2026-03-21T18:12:35","date_gmt":"2026-03-21T18:12:35","guid":{"rendered":"https:\/\/ticity.com.ar\/?page_id=18445"},"modified":"2026-03-23T15:50:27","modified_gmt":"2026-03-23T15:50:27","slug":"portal-de-autogestion-tributaria","status":"publish","type":"page","link":"https:\/\/ticity.com.ar\/en\/portal-de-autogestion-tributaria\/","title":{"rendered":"Portal de Autogesti\u00f3n Tributaria"},"content":{"rendered":"<div data-elementor-type=\"wp-page\" data-elementor-id=\"18445\" class=\"elementor elementor-18445\">\n\t\t\t\t<div class=\"elementor-element elementor-element-d258102 e-flex e-con-boxed e-con e-parent\" data-id=\"d258102\" data-element_type=\"container\" data-e-type=\"container\" id=\"productoBox\">\t\t\t<div class=\"e-con-inner\">\r\n\t\t\t\t<div class=\"elementor-element elementor-element-6eac848 elementor-widget elementor-widget-heading\" data-id=\"6eac848\" data-element_type=\"widget\" data-e-type=\"widget\" data-widget_type=\"heading.default\">\n\t\t\t\t\t<h2 class=\"elementor-heading-title elementor-size-default\">Gesti\u00f3n tributaria simple, digital y sin fricciones<\/h2>\t\t\t\t<\/div>\n\t\t\t\t\t<\/div>\r\n\t\t\t\t<\/div>\r\n\t\t<div class=\"elementor-element elementor-element-6676c2d e-flex e-con-boxed e-con e-parent\" data-id=\"6676c2d\" data-element_type=\"container\" data-e-type=\"container\">\t\t\t<div class=\"e-con-inner\">\r\n\t\t\t\t<div class=\"elementor-element elementor-element-d0b1720 elementor-widget elementor-widget-image\" data-id=\"d0b1720\" data-element_type=\"widget\" data-e-type=\"widget\" data-widget_type=\"image.default\">\n\t\t\t\t\t\t\t\t\t\t\t\t\t\t\t<img fetchpriority=\"high\" decoding=\"async\" width=\"1024\" height=\"683\" src=\"https:\/\/ticity.com.ar\/wp-content\/uploads\/2026\/03\/ChatGPT-Image-13-mar-2026-17_37_59-1024x683.png\" class=\"attachment-large size-large wp-image-18202\" alt=\"\" srcset=\"https:\/\/ticity.com.ar\/wp-content\/uploads\/2026\/03\/ChatGPT-Image-13-mar-2026-17_37_59-1024x683.png 1024w, https:\/\/ticity.com.ar\/wp-content\/uploads\/2026\/03\/ChatGPT-Image-13-mar-2026-17_37_59-300x200.png 300w, https:\/\/ticity.com.ar\/wp-content\/uploads\/2026\/03\/ChatGPT-Image-13-mar-2026-17_37_59-768x512.png 768w, https:\/\/ticity.com.ar\/wp-content\/uploads\/2026\/03\/ChatGPT-Image-13-mar-2026-17_37_59-1065x710.png 1065w, https:\/\/ticity.com.ar\/wp-content\/uploads\/2026\/03\/ChatGPT-Image-13-mar-2026-17_37_59-600x400.png 600w, https:\/\/ticity.com.ar\/wp-content\/uploads\/2026\/03\/ChatGPT-Image-13-mar-2026-17_37_59.png 1536w\" sizes=\"(max-width: 768px) 100vw, (max-width: 1200px) 80vw, 1200px\" >\t\t\t\t\t\t\t\t\t\t\t\t\t\t\t<\/div>\n\t\t\t\t<div class=\"elementor-element elementor-element-f6fbfee elementor-widget elementor-widget-text-editor\" data-id=\"f6fbfee\" data-element_type=\"widget\" data-e-type=\"widget\" data-widget_type=\"text-editor.default\">\n\t\t\t\t\t\t\t\t\t<h4 data-start=\"553\" data-end=\"928\">El Sistema de Autogesti\u00f3n es una plataforma digital que permite a los contribuyentes<br \/>gestionar sus obligaciones tributarias de forma sencilla, r\u00e1pida y segura, sin necesidad de realizar tr\u00e1mites presenciales.<br \/>A trav\u00e9s del sistema, los usuarios pueden consultar sus tasas e impuestos, conocer el estado de sus obligaciones, realizar declaraciones juradas y generar boletas de pago<br \/>desde cualquier dispositivo con acceso a internet. Adem\u00e1s, es posible descargar comprobantes y constancias.<br \/>Beneficios: Este sistema reduce tiempos y costos, facilita el cumplimiento de las obligaciones fiscales, brinda acceso permanente a la informaci\u00f3n tributaria y mejora la transparencia, beneficiando tanto a los contribuyentes como al organismo recaudador.<\/h4>\t\t\t\t\t\t\t\t<\/div>\n\t\t\t\t<div class=\"elementor-element elementor-element-c1df023 elementor-invisible elementor-widget elementor-widget-pxl_button\" data-id=\"c1df023\" data-element_type=\"widget\" data-e-type=\"widget\" data-settings=\"{&quot;_animation&quot;:&quot;fadeInUp&quot;,&quot;_animation_delay&quot;:600}\" data-widget_type=\"pxl_button.default\">\n\t\t\t\t<div class=\"elementor-widget-container\">\n\t\t\t\t\t\r\n<div id=\"pxl-pxl_button-c1df023-2648\"\r\n     class=\"pxl-button pxl-button--btn-gradient-3colors pxl-button--rotate- pxl-button--rotate- btn__link\"\r\n     data-wow-delay=\"ms\"\r\n     data-onepage-offset=\"\">\r\n                     <a href=\"https:\/\/wa.me\/5491144283570?text=Hola%2C%20me%20contacto%20desde%20la%20web%20de%20Ticity.%20Me%20gustar%C3%ADa%20recibir%20m%C3%A1s%20informaci%C3%B3n%20sobre%20sus%20soluciones%20para%20municipios\"  class=\"btn  btn-glossy btn__icon-active  btn-gradient-3colors btn__icon-right  btn-hv-default\">\r\n                                    <span class=\"btn-text\" data-text=\"Hablar con nosotros\">\r\n                Hablar con nosotros            <\/span>\r\n            <\/a>\r\n<\/div>\t\t\t\t<\/div>\n\t\t\t\t<\/div>\n\t\t\t\t\t<\/div>\r\n\t\t\t\t<\/div>\r\n\t\t\t\t<\/div>","protected":false},"excerpt":{"rendered":"<p>Gesti\u00f3n tributaria simple, digital y sin fricciones El Sistema de Autogesti\u00f3n es una plataforma digital que permite a los contribuyentesgestionar sus obligaciones tributarias de forma sencilla, r\u00e1pida y segura, sin necesidad de realizar tr\u00e1mites presenciales.A trav\u00e9s del sistema, los usuarios pueden consultar sus tasas e impuestos, conocer el estado de sus obligaciones, realizar declaraciones juradas [&hellip;]<\/p>\n","protected":false},"author":3,"featured_media":0,"parent":0,"menu_order":0,"comment_status":"closed","ping_status":"closed","template":"","meta":{"footnotes":""},"class_list":["post-18445","page","type-page","status-publish","hentry"],"_links":{"self":[{"href":"https:\/\/ticity.com.ar\/en\/wp-json\/wp\/v2\/pages\/18445","targetHints":{"allow":["GET"]}}],"collection":[{"href":"https:\/\/ticity.com.ar\/en\/wp-json\/wp\/v2\/pages"}],"about":[{"href":"https:\/\/ticity.com.ar\/en\/wp-json\/wp\/v2\/types\/page"}],"author":[{"embeddable":true,"href":"https:\/\/ticity.com.ar\/en\/wp-json\/wp\/v2\/users\/3"}],"replies":[{"embeddable":true,"href":"https:\/\/ticity.com.ar\/en\/wp-json\/wp\/v2\/comments?post=18445"}],"version-history":[{"count":10,"href":"https:\/\/ticity.com.ar\/en\/wp-json\/wp\/v2\/pages\/18445\/revisions"}],"predecessor-version":[{"id":18625,"href":"https:\/\/ticity.com.ar\/en\/wp-json\/wp\/v2\/pages\/18445\/revisions\/18625"}],"wp:attachment":[{"href":"https:\/\/ticity.com.ar\/en\/wp-json\/wp\/v2\/media?parent=18445"}],"curies":[{"name":"wp","href":"https:\/\/api.w.org\/{rel}","templated":true}]}}