{"id":18386,"date":"2026-03-21T13:03:36","date_gmt":"2026-03-21T13:03:36","guid":{"rendered":"https:\/\/ticity.com.ar\/?page_id=18386"},"modified":"2026-03-23T16:10:32","modified_gmt":"2026-03-23T16:10:32","slug":"adm","status":"publish","type":"page","link":"https:\/\/ticity.com.ar\/en\/adm\/","title":{"rendered":"ADM"},"content":{"rendered":"<div data-elementor-type=\"wp-page\" data-elementor-id=\"18386\" class=\"elementor elementor-18386\">\n\t\t\t\t<div class=\"elementor-element elementor-element-d258102 e-flex e-con-boxed e-con e-parent\" data-id=\"d258102\" data-element_type=\"container\" data-e-type=\"container\" id=\"productoBox\">\t\t\t<div class=\"e-con-inner\">\r\n\t\t\t\t<div class=\"elementor-element elementor-element-6eac848 elementor-widget elementor-widget-heading\" data-id=\"6eac848\" data-element_type=\"widget\" data-e-type=\"widget\" data-widget_type=\"heading.default\">\n\t\t\t\t\t<h2 class=\"elementor-heading-title elementor-size-default\">Transform\u00e1 datos ciudadanos en decisiones inteligentes<\/h2>\t\t\t\t<\/div>\n\t\t\t\t<div class=\"elementor-element elementor-element-5d2b9cc elementor-widget elementor-widget-video\" data-id=\"5d2b9cc\" data-element_type=\"widget\" data-e-type=\"widget\" data-settings=\"{&quot;video_type&quot;:&quot;hosted&quot;,&quot;autoplay&quot;:&quot;yes&quot;,&quot;play_on_mobile&quot;:&quot;yes&quot;,&quot;mute&quot;:&quot;yes&quot;,&quot;loop&quot;:&quot;yes&quot;}\" data-widget_type=\"video.default\">\n\t\t\t\t\t\t\t<div class=\"e-hosted-video elementor-wrapper elementor-open-inline\">\n\t\t\t\t\t<video class=\"elementor-video\" src=\"https:\/\/ticity.com.ar\/wp-content\/uploads\/2026\/03\/ADM-ticity.mp4\" autoplay=\"\" loop=\"\" muted=\"muted\" playsinline=\"\" controlslist=\"nodownload\"><\/video>\n\t\t\t\t<\/div>\n\t\t\t\t\t\t<\/div>\n\t\t\t\t\t<\/div>\r\n\t\t\t\t<\/div>\r\n\t\t<div class=\"elementor-element elementor-element-6676c2d e-flex e-con-boxed e-con e-parent\" data-id=\"6676c2d\" data-element_type=\"container\" data-e-type=\"container\">\t\t\t<div class=\"e-con-inner\">\r\n\t\t\t\t<div class=\"elementor-element elementor-element-f6fbfee elementor-widget elementor-widget-text-editor\" data-id=\"f6fbfee\" data-element_type=\"widget\" data-e-type=\"widget\" data-widget_type=\"text-editor.default\">\n\t\t\t\t\t\t\t\t\t<h4 data-start=\"553\" data-end=\"928\">ADM es la aplicaci\u00f3n estrella de Ticity que permite a los municipios recolectar y analizar datos ciudadanos de manera efectiva. Esta herramienta intuitiva facilita la toma de decisiones basadas en informaci\u00f3n precisa, mejorando la eficiencia en la gesti\u00f3n de servicios p\u00fablicos.<\/h4><h4 data-start=\"553\" data-end=\"928\">Con ADM, los municipios pueden optimizar su atenci\u00f3n al contribuyente y fomentar un gobierno m\u00e1s cercano y accesible, asegurando un desarrollo sostenible y alineado con las necesidades reales de la poblaci\u00f3n.<\/h4>\t\t\t\t\t\t\t\t<\/div>\n\t\t\t\t<div class=\"elementor-element elementor-element-c1df023 elementor-invisible elementor-widget elementor-widget-pxl_button\" data-id=\"c1df023\" data-element_type=\"widget\" data-e-type=\"widget\" data-settings=\"{&quot;_animation&quot;:&quot;fadeInUp&quot;,&quot;_animation_delay&quot;:600}\" data-widget_type=\"pxl_button.default\">\n\t\t\t\t<div class=\"elementor-widget-container\">\n\t\t\t\t\t\r\n<div id=\"pxl-pxl_button-c1df023-9832\"\r\n     class=\"pxl-button pxl-button--btn-gradient-3colors pxl-button--rotate- pxl-button--rotate- btn__link\"\r\n     data-wow-delay=\"ms\"\r\n     data-onepage-offset=\"\">\r\n                     <a href=\"https:\/\/wa.me\/5491144283570?text=Hola%2C%20me%20contacto%20desde%20la%20web%20de%20Ticity.%20Me%20gustar%C3%ADa%20recibir%20m%C3%A1s%20informaci%C3%B3n%20sobre%20sus%20soluciones%20para%20municipios\"  class=\"btn  btn-glossy btn__icon-active  btn-gradient-3colors btn__icon-right  btn-hv-default\">\r\n                                    <span class=\"btn-text\" data-text=\"Hablar con nosotros\">\r\n                Hablar con nosotros            <\/span>\r\n            <\/a>\r\n<\/div>\t\t\t\t<\/div>\n\t\t\t\t<\/div>\n\t\t\t\t\t<\/div>\r\n\t\t\t\t<\/div>\r\n\t\t\t\t<\/div>","protected":false},"excerpt":{"rendered":"<p>Transform\u00e1 datos ciudadanos en decisiones inteligentes https:\/\/ticity.com.ar\/wp-content\/uploads\/2026\/03\/ADM-ticity.mp4 ADM es la aplicaci\u00f3n estrella de Ticity que permite a los municipios recolectar y analizar datos ciudadanos de manera efectiva. Esta herramienta intuitiva facilita la toma de decisiones basadas en informaci\u00f3n precisa, mejorando la eficiencia en la gesti\u00f3n de servicios p\u00fablicos. Con ADM, los municipios pueden optimizar su [&hellip;]<\/p>\n","protected":false},"author":3,"featured_media":0,"parent":0,"menu_order":0,"comment_status":"closed","ping_status":"closed","template":"","meta":{"footnotes":""},"class_list":["post-18386","page","type-page","status-publish","hentry"],"_links":{"self":[{"href":"https:\/\/ticity.com.ar\/en\/wp-json\/wp\/v2\/pages\/18386","targetHints":{"allow":["GET"]}}],"collection":[{"href":"https:\/\/ticity.com.ar\/en\/wp-json\/wp\/v2\/pages"}],"about":[{"href":"https:\/\/ticity.com.ar\/en\/wp-json\/wp\/v2\/types\/page"}],"author":[{"embeddable":true,"href":"https:\/\/ticity.com.ar\/en\/wp-json\/wp\/v2\/users\/3"}],"replies":[{"embeddable":true,"href":"https:\/\/ticity.com.ar\/en\/wp-json\/wp\/v2\/comments?post=18386"}],"version-history":[{"count":48,"href":"https:\/\/ticity.com.ar\/en\/wp-json\/wp\/v2\/pages\/18386\/revisions"}],"predecessor-version":[{"id":18649,"href":"https:\/\/ticity.com.ar\/en\/wp-json\/wp\/v2\/pages\/18386\/revisions\/18649"}],"wp:attachment":[{"href":"https:\/\/ticity.com.ar\/en\/wp-json\/wp\/v2\/media?parent=18386"}],"curies":[{"name":"wp","href":"https:\/\/api.w.org\/{rel}","templated":true}]}}